{"id":839,"date":"2017-08-28T17:39:20","date_gmt":"2017-08-28T17:39:20","guid":{"rendered":"http:\/\/ganesa.nanoagency.co\/?page_id=839"},"modified":"2019-07-15T15:26:30","modified_gmt":"2019-07-15T15:26:30","slug":"contact","status":"publish","type":"page","link":"https:\/\/www.suessemjetaime.lu\/fr\/contact\/","title":{"rendered":"Contact"},"content":{"rendered":"<p>[vc_row][vc_column][vc_empty_space height=\u00a0\u00bb50&Prime;][\/vc_column][\/vc_row][vc_row full_width=\u00a0\u00bbstretch_row_content\u00a0\u00bb content_placement=\u00a0\u00bbmiddle\u00a0\u00bb parallax=\u00a0\u00bbcontent-moving-fade\u00a0\u00bb css=\u00a0\u00bb.vc_custom_1553610450879{background-image: url(https:\/\/www.suessemjetaime.lu\/wp-content\/uploads\/2019\/03\/1920_15_Gaalgebierg-famille_22-1.jpg?id=2922) !important;}\u00a0\u00bb][vc_column][vc_empty_space height=\u00a0\u00bb400&Prime;][\/vc_column][\/vc_row][vc_row][vc_column width=\u00a0\u00bb1\/2&Prime; css=\u00a0\u00bb.vc_custom_1553612034594{padding-right: 40px !important;}\u00a0\u00bb][vc_empty_space height=\u00a0\u00bb100&Prime;][vc_custom_heading text=\u00a0\u00bbContactez-nous\u00a0\u00bb font_container=\u00a0\u00bbtag:h2|font_size:42px|text_align:left|color:%23000000|line_height:52px\u00a0\u00bb use_theme_fonts=\u00a0\u00bbyes\u00a0\u00bb css=\u00a0\u00bb.vc_custom_1553777992655{padding-bottom: 10px !important;}\u00a0\u00bb]<div role=\"form\" class=\"wpcf7\" id=\"wpcf7-f10-o1\" lang=\"en-US\" dir=\"ltr\">\n<div class=\"screen-reader-response\"><p role=\"status\" aria-live=\"polite\" aria-atomic=\"true\"><\/p> <ul><\/ul><\/div>\n<form action=\"\/fr\/wp-json\/wp\/v2\/pages\/839\/#wpcf7-f10-o1\" method=\"post\" class=\"wpcf7-form init\" novalidate=\"novalidate\" data-status=\"init\">\n<div style=\"display: none;\">\n<input type=\"hidden\" name=\"_wpcf7\" value=\"10\" \/>\n<input type=\"hidden\" name=\"_wpcf7_version\" value=\"5.3\" \/>\n<input type=\"hidden\" name=\"_wpcf7_locale\" value=\"en_US\" \/>\n<input type=\"hidden\" name=\"_wpcf7_unit_tag\" value=\"wpcf7-f10-o1\" \/>\n<input type=\"hidden\" name=\"_wpcf7_container_post\" value=\"0\" \/>\n<input type=\"hidden\" name=\"_wpcf7_posted_data_hash\" value=\"\" \/>\n<\/div>\n<p><label> Votre nom (obligatoire)<br \/>\n    <span class=\"wpcf7-form-control-wrap your-name\"><input type=\"text\" name=\"your-name\" value=\"\" size=\"40\" class=\"wpcf7-form-control wpcf7-text wpcf7-validates-as-required\" aria-required=\"true\" aria-invalid=\"false\" \/><\/span> <\/label><\/p>\n<p><label> Votre email (obligatoire)<br \/>\n    <span class=\"wpcf7-form-control-wrap your-email\"><input type=\"email\" name=\"your-email\" value=\"\" size=\"40\" class=\"wpcf7-form-control wpcf7-text wpcf7-email wpcf7-validates-as-required wpcf7-validates-as-email\" aria-required=\"true\" aria-invalid=\"false\" \/><\/span> <\/label><\/p>\n<p><label> Sujet<br \/>\n    <span class=\"wpcf7-form-control-wrap your-subject\"><input type=\"text\" name=\"your-subject\" value=\"\" size=\"40\" class=\"wpcf7-form-control wpcf7-text\" aria-invalid=\"false\" \/><\/span> <\/label><\/p>\n<p><label> Votre message<br \/>\n    <span class=\"wpcf7-form-control-wrap your-message\"><textarea name=\"your-message\" cols=\"40\" rows=\"10\" class=\"wpcf7-form-control wpcf7-textarea\" aria-invalid=\"false\"><\/textarea><\/span> <\/label><\/p>\n<p><span class=\"wpcf7-form-control-wrap GDPR\"><span class=\"wpcf7-form-control wpcf7-acceptance optional\"><span class=\"wpcf7-list-item\"><label><input type=\"checkbox\" name=\"GDPR\" value=\"1\" aria-invalid=\"false\" \/><span class=\"wpcf7-list-item-label\">Je consens par la pr\u00e9sente \u00e0 ce que la Commune de Sanem puisse traiter mes donn\u00e9es personnelles dans le but de r\u00e9pondre \u00e0 ma demande exprim\u00e9e dans ce formulaire. Ces informations sont transmises exclusivement aux personnes habilit\u00e9es et sont conserv\u00e9es pour une dur\u00e9e qui ne saurait exc\u00e9der 13 mois dans le respect de notre Politique de confidentialit\u00e9. Je suis conscient et j'ai \u00e9t\u00e9 inform\u00e9 que je peux retirer mon consentement \u00e0 tout moment en l'envoyant par e-mail \u00e0 dpo@suessem.lu<\/span><\/label><\/span><\/span><\/span><\/p>\n<p><button type=\"submit\" class=\"wpcf7-form-control wpcf7-submit mkdf-btn mkdf-btn-medium mkdf-btn-solid mkdf-btn-direction-animation\"><span class=\"mkdf-btn-text\">Envoyer<\/span><span class=\"mkdf-btn-background-holder\"><span class=\"mkdf-btn-background\"><\/span><\/span><\/button><\/p>\n<div class=\"wpcf7-response-output\" aria-hidden=\"true\"><\/div><\/form><\/div>[vc_empty_space height=\u00a0\u00bb100&Prime;][\/vc_column][vc_column width=\u00a0\u00bb1\/2&Prime;][vc_empty_space height=\u00a0\u00bb100&Prime;][vc_custom_heading text=\u00a0\u00bbCommune de Sanem\u00a0\u00bb font_container=\u00a0\u00bbtag:h2|font_size:42px|text_align:left|color:%23000000|line_height:52px\u00a0\u00bb use_theme_fonts=\u00a0\u00bbyes\u00a0\u00bb css=\u00a0\u00bb.vc_custom_1553612134221{padding-bottom: 10px !important;}\u00a0\u00bb][vc_column_text el_class=\u00a0\u00bbnano-address\u00a0\u00bb]<i class=\"fa fa-map-marker\"><\/i> 60, rue de la Poste<br \/>\nL-4477 Belvaux<\/p>\n<p><i class=\"fa fa-phone\"><\/i> T\u00e9l\u00e9phone: +352 59 30 75 1<\/p>\n<p><strong>Ouverture<\/strong><br \/>\nDu lundi au vendredi\u00a0de 8:30 \u00e0 11:30 et de 13:30 \u00e0 16:00<\/p>\n<p><strong>Ouverture exceptionnelle<\/strong><br \/>\nMardi: 07:15 &#8211; 08:30<br \/>\nMercredi: 16:00 &#8211; 18:00[\/vc_column_text][\/vc_column][\/vc_row][vc_row full_width=\u00a0\u00bbstretch_row_content_no_spaces\u00a0\u00bb][vc_column][vc_gmaps link=\u00a0\u00bb#E-8_JTNDaWZyYW1lJTIwc3JjJTNEJTIyaHR0cHMlM0ElMkYlMkZ3d3cuZ29vZ2xlLmNvbSUyRm1hcHMlMkZlbWJlZCUzRnBiJTNEJTIxMW0xOCUyMTFtMTIlMjExbTMlMjExZDExOTEuOTE5MjUxOTAwNDgwMyUyMTJkNS45MzAwNjg2ODc4OTY0NTglMjEzZDQ5LjUxMDk0MzQ4MzgzNjI3JTIxMm0zJTIxMWYwJTIxMmYwJTIxM2YwJTIxM20yJTIxMWkxMDI0JTIxMmk3NjglMjE0ZjEzLjElMjEzbTMlMjExbTIlMjExczB4NDdlYWNhYzI5YmIyYmQ1NSUyNTNBMHhiMGJkYzFkZTY0ZDQ2YzJkJTIxMnNBZG1pbmlzdHJhdGlvbiUyQmNvbW11bmFsZSUyQmRlJTJCU2FuZW0lMjE1ZTAlMjEzbTIlMjExc2ZyJTIxMnNsdSUyMTR2MTU1MjMwMjgwOTczMSUyMiUyMGFsbG93ZnVsbHNjcmVlbiUzRCUyMiUyMiUyMHdpZHRoJTNEJTIyMTE3MCUyMiUyMGhlaWdodCUzRCUyMjYwMCUyMiUyMGZyYW1lYm9yZGVyJTNEJTIyMCUyMiUzRSUzQyUyRmlmcmFtZSUzRQ==\u00a0\u00bb el_class=\u00a0\u00bbcontact-maps\u00a0\u00bb][vc_column_text css=\u00a0\u00bb.vc_custom_1553610721747{padding-right: 40px !important;padding-left: 40px !important;}\u00a0\u00bb]Avec une surface qui s\u2019\u00e9tend sur plus de 24km2 , la commune se compose de quatre localit\u00e9s : Belvaux, Ehlerange, Sanem et Soleuvre. Ensemble, elles constituent la plus grande commune du canton d\u2019Esch-sur-Alzette. Au total, pas moins de 17.000 habitants y sont install\u00e9s, et plus de 90 nationalit\u00e9s s\u2019y c\u00f4toient.[\/vc_column_text][vc_column_text css=\u00a0\u00bb.vc_custom_1553610715751{padding-right: 40px !important;padding-left: 40px !important;}\u00a0\u00bb]Jusqu\u2019au d\u00e9but du 19e si\u00e8cle, si la population de la commune vivait principalement de l\u2019agriculture, la d\u00e9couverte de la \u00ab Minette \u00bb allait tout changer. A Belval, malgr\u00e9 la fin de l\u2019activit\u00e9 sid\u00e9rurgique, de nouvelles perspectives de d\u00e9veloppement sont d\u00e9sormais ouverts gr\u00e2ce, notamment, \u00e0 l\u2019implantation de l\u2019universit\u00e9.<\/p>\n<p>Sport, culture, vie associative riche, qualit\u00e9 de vie urbaine exemplaire, nature verdoyante\u2026 La commune dispose de nombreux atouts o\u00f9 chacun peut y trouver son bonheur ![\/vc_column_text][\/vc_column][\/vc_row]<\/p>\n","protected":false},"excerpt":{"rendered":"<p>[vc_row][vc_column][vc_empty_space height=\u00a0\u00bb50&Prime;][\/vc_column][\/vc_row][vc_row full_width=\u00a0\u00bbstretch_row_content\u00a0\u00bb content_placement=\u00a0\u00bbmiddle\u00a0\u00bb parallax=\u00a0\u00bbcontent-moving-fade\u00a0\u00bb css=\u00a0\u00bb.vc_custom_1553610450879{background-image: url(https:\/\/www.suessemjetaime.lu\/wp-content\/uploads\/2019\/03\/1920_15_Gaalgebierg-famille_22-1.jpg?id=2922) !important;}\u00a0\u00bb][vc_column][vc_empty_space height=\u00a0\u00bb400&Prime;][\/vc_column][\/vc_row][vc_row][vc_column width=\u00a0\u00bb1\/2&Prime; css=\u00a0\u00bb.vc_custom_1553612034594{padding-right: 40px !important;}\u00a0\u00bb][vc_empty_space height=\u00a0\u00bb100&Prime;][vc_custom_heading text=\u00a0\u00bbContactez-nous\u00a0\u00bb font_container=\u00a0\u00bbtag:h2|font_size:42px|text_align:left|color:%23000000|line_height:52px\u00a0\u00bb use_theme_fonts=\u00a0\u00bbyes\u00a0\u00bb css=\u00a0\u00bb.vc_custom_1553777992655{padding-bottom: 10px !important;}\u00a0\u00bb][vc_empty_space height=\u00a0\u00bb100&Prime;][\/vc_column][vc_column width=\u00a0\u00bb1\/2&Prime;][vc_empty_space height=\u00a0\u00bb100&Prime;][vc_custom_heading text=\u00a0\u00bbCommune de Sanem\u00a0\u00bb font_container=\u00a0\u00bbtag:h2|font_size:42px|text_align:left|color:%23000000|line_height:52px\u00a0\u00bb use_theme_fonts=\u00a0\u00bbyes\u00a0\u00bb css=\u00a0\u00bb.vc_custom_1553612134221{padding-bottom: 10px !important;}\u00a0\u00bb][vc_column_text el_class=\u00a0\u00bbnano-address\u00a0\u00bb] 60, rue de la Poste L-4477 Belvaux T\u00e9l\u00e9phone: [&hellip;]<\/p>\n","protected":false},"author":4,"featured_media":0,"parent":0,"menu_order":0,"comment_status":"closed","ping_status":"closed","template":"","meta":[],"yoast_head":"<!-- This site is optimized with the Yoast SEO plugin v15.2.1 - https:\/\/yoast.com\/wordpress\/plugins\/seo\/ -->\n<title>Contacter la Commune de Sanem &bull; Suessem, je t&#039;aime<\/title>\n<meta name=\"description\" content=\"Contacter la commune de Sanem par message ou par t\u00e9l\u00e9phone. Nous sommes \u00e0 votre service du lundi au vendredi de 08h30 \u00e0 11h30 et de 13h30 \u00e0 16h00.\" \/>\n<meta name=\"robots\" content=\"index, follow, max-snippet:-1, max-image-preview:large, max-video-preview:-1\" \/>\n<link rel=\"canonical\" href=\"https:\/\/www.suessemjetaime.lu\/fr\/contact\/\" \/>\n<meta property=\"og:locale\" content=\"fr_FR\" \/>\n<meta property=\"og:type\" content=\"article\" \/>\n<meta property=\"og:title\" content=\"Contacter la Commune de Sanem &bull; Suessem, je t&#039;aime\" \/>\n<meta property=\"og:description\" content=\"Contacter la commune de Sanem par message ou par t\u00e9l\u00e9phone. Nous sommes \u00e0 votre service du lundi au vendredi de 08h30 \u00e0 11h30 et de 13h30 \u00e0 16h00.\" \/>\n<meta property=\"og:url\" content=\"https:\/\/www.suessemjetaime.lu\/fr\/contact\/\" \/>\n<meta property=\"og:site_name\" content=\"Suessem, je t&#039;aime\" \/>\n<meta property=\"article:publisher\" content=\"https:\/\/www.facebook.com\/communedesanem\/\" \/>\n<meta property=\"article:modified_time\" content=\"2019-07-15T15:26:30+00:00\" \/>\n<meta name=\"twitter:card\" content=\"summary_large_image\" \/>\n<meta name=\"twitter:label1\" content=\"\u00c9crit par\">\n\t<meta name=\"twitter:data1\" content=\"Suessem\">\n\t<meta name=\"twitter:label2\" content=\"Dur\u00e9e de lecture est.\">\n\t<meta name=\"twitter:data2\" content=\"2 minutes\">\n<script type=\"application\/ld+json\" class=\"yoast-schema-graph\">{\"@context\":\"https:\/\/schema.org\",\"@graph\":[{\"@type\":\"Organization\",\"@id\":\"https:\/\/www.suessemjetaime.lu\/#organization\",\"name\":\"Commune de Sanem\",\"url\":\"https:\/\/www.suessemjetaime.lu\/\",\"sameAs\":[\"https:\/\/www.facebook.com\/communedesanem\/\",\"https:\/\/www.youtube.com\/channel\/UCVN7kgmkkpcfy3Hb63mx_tQ\/featured\"],\"logo\":{\"@type\":\"ImageObject\",\"@id\":\"https:\/\/www.suessemjetaime.lu\/#logo\",\"inLanguage\":\"fr-FR\",\"url\":\"https:\/\/www.suessemjetaime.lu\/wp-content\/uploads\/2019\/03\/400_188_LOGO_SANEM.png\",\"width\":400,\"height\":188,\"caption\":\"Commune de Sanem\"},\"image\":{\"@id\":\"https:\/\/www.suessemjetaime.lu\/#logo\"}},{\"@type\":\"WebSite\",\"@id\":\"https:\/\/www.suessemjetaime.lu\/#website\",\"url\":\"https:\/\/www.suessemjetaime.lu\/\",\"name\":\"Suessem, je t&#039;aime\",\"description\":\"le Blog de la commune de Sanem\",\"publisher\":{\"@id\":\"https:\/\/www.suessemjetaime.lu\/#organization\"},\"potentialAction\":[{\"@type\":\"SearchAction\",\"target\":\"https:\/\/www.suessemjetaime.lu\/?s={search_term_string}\",\"query-input\":\"required name=search_term_string\"}],\"inLanguage\":\"fr-FR\"},{\"@type\":\"WebPage\",\"@id\":\"https:\/\/www.suessemjetaime.lu\/fr\/contact\/#webpage\",\"url\":\"https:\/\/www.suessemjetaime.lu\/fr\/contact\/\",\"name\":\"Contacter la Commune de Sanem &bull; Suessem, je t&#039;aime\",\"isPartOf\":{\"@id\":\"https:\/\/www.suessemjetaime.lu\/#website\"},\"datePublished\":\"2017-08-28T17:39:20+00:00\",\"dateModified\":\"2019-07-15T15:26:30+00:00\",\"description\":\"Contacter la commune de Sanem par message ou par t\\u00e9l\\u00e9phone. Nous sommes \\u00e0 votre service du lundi au vendredi de 08h30 \\u00e0 11h30 et de 13h30 \\u00e0 16h00.\",\"inLanguage\":\"fr-FR\",\"potentialAction\":[{\"@type\":\"ReadAction\",\"target\":[\"https:\/\/www.suessemjetaime.lu\/fr\/contact\/\"]}]}]}<\/script>\n<!-- \/ Yoast SEO plugin. -->","_links":{"self":[{"href":"https:\/\/www.suessemjetaime.lu\/fr\/wp-json\/wp\/v2\/pages\/839\/"}],"collection":[{"href":"https:\/\/www.suessemjetaime.lu\/fr\/wp-json\/wp\/v2\/pages\/"}],"about":[{"href":"https:\/\/www.suessemjetaime.lu\/fr\/wp-json\/wp\/v2\/types\/page\/"}],"author":[{"embeddable":true,"href":"https:\/\/www.suessemjetaime.lu\/fr\/wp-json\/wp\/v2\/users\/4\/"}],"replies":[{"embeddable":true,"href":"https:\/\/www.suessemjetaime.lu\/fr\/wp-json\/wp\/v2\/comments\/?post=839"}],"version-history":[{"count":38,"href":"https:\/\/www.suessemjetaime.lu\/fr\/wp-json\/wp\/v2\/pages\/839\/revisions\/"}],"predecessor-version":[{"id":4565,"href":"https:\/\/www.suessemjetaime.lu\/fr\/wp-json\/wp\/v2\/pages\/839\/revisions\/4565\/"}],"wp:attachment":[{"href":"https:\/\/www.suessemjetaime.lu\/fr\/wp-json\/wp\/v2\/media\/?parent=839"}],"curies":[{"name":"wp","href":"https:\/\/api.w.org\/{rel}","templated":true}]}}